{"id":258,"date":"2021-08-21T15:30:37","date_gmt":"2021-08-21T13:30:37","guid":{"rendered":"https:\/\/ppi.kuko-ev.de\/?page_id=258"},"modified":"2021-08-21T15:30:37","modified_gmt":"2021-08-21T13:30:37","slug":"impressum","status":"publish","type":"page","link":"https:\/\/ppi.kuko-ev.de\/?page_id=258","title":{"rendered":"Impressum"},"content":{"rendered":"\n<p><strong>Postanschrift:<\/strong><br\/>Kulturelle Koordinierung eV<br\/>c\/o PPI<br\/>TU Ilmenau<br\/>PF 100565<br\/>98684 Ilmenau<\/p>\n\n<p><strong>B\u00fcro- Standort:<br\/><\/strong> Max-Planck-Ring 7<br\/>Haus A, Zimmer 004 (im Keller)<\/p>\n\n<p><strong>Kontaktdaten:<br\/><\/strong> Telefon\/Fax: 036 77\/ 69 17 31<br\/>Email:<a href=\"mailto:info.kuko@tu-ilmenau.de\"> info.kuko@tu-ilmenau.de<\/a><\/p>\n\n<p>Du kannst uns gerne in dringenden Notf\u00e4llen telefonisch und sonst postalisch oder per Mail kontaktieren.<\/p>\n\n<p><strong>Vorstand:<br\/><\/strong> Vorsitzende: Tina Wittrich<br\/>Stellvertretender Vorsitzender: Christoph Thron<br\/>Schatzmeister: Juliane Schleiffer<\/p>\n\n<p><strong>Registergericht:<br\/><\/strong> Amtsgericht Arnstadt Zweigstelle Ilmenau<br\/><strong>Registernummer:<br\/><\/strong> VR 120215<\/p>\n\n<p><strong>Inhaltlich Verantwortliche gem\u00e4\u00df \u00a7 18 Abs.2 MDStV: :<br\/><\/strong>Tina Wittrich<\/p>\n\n<p><strong>B\u00fcro-\u00d6ffnung:<\/strong><br\/>jeden Dienstag (au\u00dfer Feiertags) von 18 bis 19 Uhr<br\/>[f\u00fcr l\u00e4ngere Gespr\u00e4che bitte individuell einen Termin vereinbaren]<\/p>\n\n<p><strong>Bankverbindung:<\/strong><br\/>IBAN: DE29 8405 1010 1113 0092 99<br\/>BIC: HELADEF1ILK<br\/>Sparkasse Arnstadt- Ilmenau<\/p>\n","protected":false},"excerpt":{"rendered":"<p>Postanschrift:Kulturelle Koordinierung eVc\/o PPITU IlmenauPF 10056598684 Ilmenau B\u00fcro- Standort: Max-Planck-Ring 7Haus A, Zimmer 004 (im Keller) Kontaktdaten: Telefon\/Fax: 036 77\/ 69 17 31Email: info.kuko@tu-ilmenau.de Du kannst uns gerne in dringenden Notf\u00e4llen telefonisch und sonst postalisch oder per Mail kontaktieren. Vorstand: Vorsitzende: Tina WittrichStellvertretender Vorsitzender: Christoph ThronSchatzmeister: Juliane Schleiffer Registergericht: Amtsgericht [&hellip;]<\/p>\n","protected":false},"author":1,"featured_media":0,"parent":0,"menu_order":0,"comment_status":"closed","ping_status":"closed","template":"","meta":{"footnotes":""},"class_list":["post-258","page","type-page","status-publish","hentry"],"yoast_head":"<!-- This site is optimized with the Yoast SEO plugin v27.5 - https:\/\/yoast.com\/product\/yoast-seo-wordpress\/ -->\n<title>Impressum - PPI - KuKo e.V.<\/title>\n<meta name=\"robots\" content=\"index, follow, max-snippet:-1, max-image-preview:large, max-video-preview:-1\" \/>\n<link rel=\"canonical\" href=\"https:\/\/ppi.kuko-ev.de\/?page_id=258\" \/>\n<meta property=\"og:locale\" content=\"de_DE\" \/>\n<meta property=\"og:type\" content=\"article\" \/>\n<meta property=\"og:title\" content=\"Impressum - PPI - KuKo e.V.\" \/>\n<meta property=\"og:description\" content=\"Postanschrift:Kulturelle Koordinierung eVc\/o PPITU IlmenauPF 10056598684 Ilmenau B\u00fcro- Standort: Max-Planck-Ring 7Haus A, Zimmer 004 (im Keller) Kontaktdaten: Telefon\/Fax: 036 77\/ 69 17 31Email: info.kuko@tu-ilmenau.de Du kannst uns gerne in dringenden Notf\u00e4llen telefonisch und sonst postalisch oder per Mail kontaktieren. Vorstand: Vorsitzende: Tina WittrichStellvertretender Vorsitzender: Christoph ThronSchatzmeister: Juliane Schleiffer Registergericht: Amtsgericht [&hellip;]\" \/>\n<meta property=\"og:url\" content=\"https:\/\/ppi.kuko-ev.de\/?page_id=258\" \/>\n<meta property=\"og:site_name\" content=\"PPI - KuKo e.V.\" \/>\n<meta name=\"twitter:card\" content=\"summary_large_image\" \/>\n<script type=\"application\/ld+json\" class=\"yoast-schema-graph\">{\"@context\":\"https:\\\/\\\/schema.org\",\"@graph\":[{\"@type\":\"WebPage\",\"@id\":\"https:\\\/\\\/ppi.kuko-ev.de\\\/?page_id=258\",\"url\":\"https:\\\/\\\/ppi.kuko-ev.de\\\/?page_id=258\",\"name\":\"Impressum - PPI - KuKo e.V.\",\"isPartOf\":{\"@id\":\"https:\\\/\\\/ppi.kuko-ev.de\\\/#website\"},\"datePublished\":\"2021-08-21T13:30:37+00:00\",\"breadcrumb\":{\"@id\":\"https:\\\/\\\/ppi.kuko-ev.de\\\/?page_id=258#breadcrumb\"},\"inLanguage\":\"de\",\"potentialAction\":[{\"@type\":\"ReadAction\",\"target\":[\"https:\\\/\\\/ppi.kuko-ev.de\\\/?page_id=258\"]}]},{\"@type\":\"BreadcrumbList\",\"@id\":\"https:\\\/\\\/ppi.kuko-ev.de\\\/?page_id=258#breadcrumb\",\"itemListElement\":[{\"@type\":\"ListItem\",\"position\":1,\"name\":\"Home\",\"item\":\"https:\\\/\\\/ppi.kuko-ev.de\\\/\"},{\"@type\":\"ListItem\",\"position\":2,\"name\":\"Impressum\"}]},{\"@type\":\"WebSite\",\"@id\":\"https:\\\/\\\/ppi.kuko-ev.de\\\/#website\",\"url\":\"https:\\\/\\\/ppi.kuko-ev.de\\\/\",\"name\":\"PPI - KuKo e.V.\",\"description\":\"\",\"publisher\":{\"@id\":\"https:\\\/\\\/ppi.kuko-ev.de\\\/#organization\"},\"potentialAction\":[{\"@type\":\"SearchAction\",\"target\":{\"@type\":\"EntryPoint\",\"urlTemplate\":\"https:\\\/\\\/ppi.kuko-ev.de\\\/?s={search_term_string}\"},\"query-input\":{\"@type\":\"PropertyValueSpecification\",\"valueRequired\":true,\"valueName\":\"search_term_string\"}}],\"inLanguage\":\"de\"},{\"@type\":\"Organization\",\"@id\":\"https:\\\/\\\/ppi.kuko-ev.de\\\/#organization\",\"name\":\"PPI - KuKo e.V.\",\"url\":\"https:\\\/\\\/ppi.kuko-ev.de\\\/\",\"logo\":{\"@type\":\"ImageObject\",\"inLanguage\":\"de\",\"@id\":\"https:\\\/\\\/ppi.kuko-ev.de\\\/#\\\/schema\\\/logo\\\/image\\\/\",\"url\":\"https:\\\/\\\/ppi.kuko-ev.de\\\/wp-content\\\/uploads\\\/sites\\\/7\\\/2021\\\/09\\\/cropped-0001-8244480030_20210920_114458_0000.png\",\"contentUrl\":\"https:\\\/\\\/ppi.kuko-ev.de\\\/wp-content\\\/uploads\\\/sites\\\/7\\\/2021\\\/09\\\/cropped-0001-8244480030_20210920_114458_0000.png\",\"width\":500,\"height\":334,\"caption\":\"PPI - KuKo e.V.\"},\"image\":{\"@id\":\"https:\\\/\\\/ppi.kuko-ev.de\\\/#\\\/schema\\\/logo\\\/image\\\/\"}}]}<\/script>\n<!-- \/ Yoast SEO plugin. -->","yoast_head_json":{"title":"Impressum - PPI - KuKo e.V.","robots":{"index":"index","follow":"follow","max-snippet":"max-snippet:-1","max-image-preview":"max-image-preview:large","max-video-preview":"max-video-preview:-1"},"canonical":"https:\/\/ppi.kuko-ev.de\/?page_id=258","og_locale":"de_DE","og_type":"article","og_title":"Impressum - PPI - KuKo e.V.","og_description":"Postanschrift:Kulturelle Koordinierung eVc\/o PPITU IlmenauPF 10056598684 Ilmenau B\u00fcro- Standort: Max-Planck-Ring 7Haus A, Zimmer 004 (im Keller) Kontaktdaten: Telefon\/Fax: 036 77\/ 69 17 31Email: info.kuko@tu-ilmenau.de Du kannst uns gerne in dringenden Notf\u00e4llen telefonisch und sonst postalisch oder per Mail kontaktieren. Vorstand: Vorsitzende: Tina WittrichStellvertretender Vorsitzender: Christoph ThronSchatzmeister: Juliane Schleiffer Registergericht: Amtsgericht [&hellip;]","og_url":"https:\/\/ppi.kuko-ev.de\/?page_id=258","og_site_name":"PPI - KuKo e.V.","twitter_card":"summary_large_image","schema":{"@context":"https:\/\/schema.org","@graph":[{"@type":"WebPage","@id":"https:\/\/ppi.kuko-ev.de\/?page_id=258","url":"https:\/\/ppi.kuko-ev.de\/?page_id=258","name":"Impressum - PPI - KuKo e.V.","isPartOf":{"@id":"https:\/\/ppi.kuko-ev.de\/#website"},"datePublished":"2021-08-21T13:30:37+00:00","breadcrumb":{"@id":"https:\/\/ppi.kuko-ev.de\/?page_id=258#breadcrumb"},"inLanguage":"de","potentialAction":[{"@type":"ReadAction","target":["https:\/\/ppi.kuko-ev.de\/?page_id=258"]}]},{"@type":"BreadcrumbList","@id":"https:\/\/ppi.kuko-ev.de\/?page_id=258#breadcrumb","itemListElement":[{"@type":"ListItem","position":1,"name":"Home","item":"https:\/\/ppi.kuko-ev.de\/"},{"@type":"ListItem","position":2,"name":"Impressum"}]},{"@type":"WebSite","@id":"https:\/\/ppi.kuko-ev.de\/#website","url":"https:\/\/ppi.kuko-ev.de\/","name":"PPI - KuKo e.V.","description":"","publisher":{"@id":"https:\/\/ppi.kuko-ev.de\/#organization"},"potentialAction":[{"@type":"SearchAction","target":{"@type":"EntryPoint","urlTemplate":"https:\/\/ppi.kuko-ev.de\/?s={search_term_string}"},"query-input":{"@type":"PropertyValueSpecification","valueRequired":true,"valueName":"search_term_string"}}],"inLanguage":"de"},{"@type":"Organization","@id":"https:\/\/ppi.kuko-ev.de\/#organization","name":"PPI - KuKo e.V.","url":"https:\/\/ppi.kuko-ev.de\/","logo":{"@type":"ImageObject","inLanguage":"de","@id":"https:\/\/ppi.kuko-ev.de\/#\/schema\/logo\/image\/","url":"https:\/\/ppi.kuko-ev.de\/wp-content\/uploads\/sites\/7\/2021\/09\/cropped-0001-8244480030_20210920_114458_0000.png","contentUrl":"https:\/\/ppi.kuko-ev.de\/wp-content\/uploads\/sites\/7\/2021\/09\/cropped-0001-8244480030_20210920_114458_0000.png","width":500,"height":334,"caption":"PPI - KuKo e.V."},"image":{"@id":"https:\/\/ppi.kuko-ev.de\/#\/schema\/logo\/image\/"}}]}},"_links":{"self":[{"href":"https:\/\/ppi.kuko-ev.de\/index.php?rest_route=\/wp\/v2\/pages\/258","targetHints":{"allow":["GET"]}}],"collection":[{"href":"https:\/\/ppi.kuko-ev.de\/index.php?rest_route=\/wp\/v2\/pages"}],"about":[{"href":"https:\/\/ppi.kuko-ev.de\/index.php?rest_route=\/wp\/v2\/types\/page"}],"author":[{"embeddable":true,"href":"https:\/\/ppi.kuko-ev.de\/index.php?rest_route=\/wp\/v2\/users\/1"}],"replies":[{"embeddable":true,"href":"https:\/\/ppi.kuko-ev.de\/index.php?rest_route=%2Fwp%2Fv2%2Fcomments&post=258"}],"version-history":[{"count":1,"href":"https:\/\/ppi.kuko-ev.de\/index.php?rest_route=\/wp\/v2\/pages\/258\/revisions"}],"predecessor-version":[{"id":259,"href":"https:\/\/ppi.kuko-ev.de\/index.php?rest_route=\/wp\/v2\/pages\/258\/revisions\/259"}],"wp:attachment":[{"href":"https:\/\/ppi.kuko-ev.de\/index.php?rest_route=%2Fwp%2Fv2%2Fmedia&parent=258"}],"curies":[{"name":"wp","href":"https:\/\/api.w.org\/{rel}","templated":true}]}}